{"id":2,"date":"2018-02-10T12:36:18","date_gmt":"2018-02-10T11:36:18","guid":{"rendered":"http:\/\/histoire-en-un-clic.fr\/?page_id=2"},"modified":"2018-02-10T13:22:43","modified_gmt":"2018-02-10T12:22:43","slug":"page-d-exemple","status":"publish","type":"page","link":"http:\/\/histoire-en-un-clic.fr\/index.php\/page-d-exemple\/","title":{"rendered":"Page d\u2019exemple"},"content":{"rendered":"<p>J&#8217;ai toujours aim\u00e9 l&#8217;<em>Histoire<\/em> en g\u00e9n\u00e9ral et la G\u00e9opolitique en particulier depuis ma plus tendre enfance. D&#8217;o\u00f9 me vient cette passion ? Je pense que j&#8217;ai eu la chance d&#8217;avoir un grand p\u00e8re dont la biblioth\u00e8que \u00e9tait suffisamment bien fournie pour qu&#8217;il me laisse puiser dans ses livres au gr\u00e8s de mes envies.<\/p>\n","protected":false},"excerpt":{"rendered":"<p>J&#8217;ai toujours aim\u00e9 l&#8217;Histoire en g\u00e9n\u00e9ral et la G\u00e9opolitique en particulier depuis ma plus tendre enfance. D&#8217;o\u00f9 me vient cette passion ? Je pense que j&#8217;ai eu la chance d&#8217;avoir un grand p\u00e8re dont la biblioth\u00e8que \u00e9tait suffisamment bien fournie &hellip; <a href=\"http:\/\/histoire-en-un-clic.fr\/index.php\/page-d-exemple\/\">Continue reading <span class=\"meta-nav\">&rarr;<\/span><\/a><\/p>\n","protected":false},"author":1,"featured_media":0,"parent":0,"menu_order":0,"comment_status":"closed","ping_status":"open","template":"","meta":[],"_links":{"self":[{"href":"http:\/\/histoire-en-un-clic.fr\/index.php\/wp-json\/wp\/v2\/pages\/2"}],"collection":[{"href":"http:\/\/histoire-en-un-clic.fr\/index.php\/wp-json\/wp\/v2\/pages"}],"about":[{"href":"http:\/\/histoire-en-un-clic.fr\/index.php\/wp-json\/wp\/v2\/types\/page"}],"author":[{"embeddable":true,"href":"http:\/\/histoire-en-un-clic.fr\/index.php\/wp-json\/wp\/v2\/users\/1"}],"replies":[{"embeddable":true,"href":"http:\/\/histoire-en-un-clic.fr\/index.php\/wp-json\/wp\/v2\/comments?post=2"}],"version-history":[{"count":1,"href":"http:\/\/histoire-en-un-clic.fr\/index.php\/wp-json\/wp\/v2\/pages\/2\/revisions"}],"predecessor-version":[{"id":4,"href":"http:\/\/histoire-en-un-clic.fr\/index.php\/wp-json\/wp\/v2\/pages\/2\/revisions\/4"}],"wp:attachment":[{"href":"http:\/\/histoire-en-un-clic.fr\/index.php\/wp-json\/wp\/v2\/media?parent=2"}],"curies":[{"name":"wp","href":"https:\/\/api.w.org\/{rel}","templated":true}]}}